{"id":276,"date":"2019-06-21T19:28:00","date_gmt":"2019-06-21T19:28:00","guid":{"rendered":"https:\/\/www.marianiodontologia.com.br\/site\/?page_id=276"},"modified":"2025-04-26T11:53:43","modified_gmt":"2025-04-26T11:53:43","slug":"implantodontia","status":"publish","type":"page","link":"https:\/\/marianiodontologia.com.br\/site\/implantodontia\/","title":{"rendered":"IMPLANTODONTIA"},"content":{"rendered":"\n<p>Implantodontia \u00e9 o ramo da odontologia que recupera espa\u00e7os edentulos atrav\u00e9s da inser\u00e7\u00e3o de pr\u00f3teses radiculares (ra\u00edzes), que suportar\u00e3o uma pr\u00f3tese de coroa (dente). Isso se d\u00e1 implantando um parafuso de tit\u00e2nio no interior do tecido \u00f3sseo na \u00e1rea onde ficava o elemento dental perdido. Com a implantodontia s\u00e3o feitas desde reabilita\u00e7\u00f5es unit\u00e1rias, at\u00e9 grandes reabilita\u00e7\u00f5es totais, fixas ou remov\u00edveis.<\/p>\n","protected":false},"excerpt":{"rendered":"<p>Implantodontia \u00e9 o ramo da odontologia que recupera espa\u00e7os edentulos atrav\u00e9s da inser\u00e7\u00e3o de pr\u00f3teses radiculares (ra\u00edzes), que suportar\u00e3o uma pr\u00f3tese de coroa (dente). Isso se d\u00e1 implantando um parafuso de tit\u00e2nio no interior do tecido \u00f3sseo na \u00e1rea onde ficava o elemento dental perdido. Com a implantodontia s\u00e3o feitas desde reabilita\u00e7\u00f5es unit\u00e1rias, at\u00e9 grandes [&hellip;]<\/p>\n","protected":false},"author":1,"featured_media":0,"parent":0,"menu_order":0,"comment_status":"closed","ping_status":"closed","template":"","meta":{"footnotes":""},"class_list":["post-276","page","type-page","status-publish","hentry"],"yoast_head":"<!-- This site is optimized with the Yoast SEO plugin v25.2 - https:\/\/yoast.com\/wordpress\/plugins\/seo\/ -->\n<title>IMPLANTODONTIA - Mariani Odontologia<\/title>\n<meta name=\"robots\" content=\"noindex, follow, max-snippet:-1, max-image-preview:large, max-video-preview:-1\" \/>\n<meta property=\"og:locale\" content=\"pt_BR\" \/>\n<meta property=\"og:type\" content=\"article\" \/>\n<meta property=\"og:title\" content=\"IMPLANTODONTIA - Mariani Odontologia\" \/>\n<meta property=\"og:description\" content=\"Implantodontia \u00e9 o ramo da odontologia que recupera espa\u00e7os edentulos atrav\u00e9s da inser\u00e7\u00e3o de pr\u00f3teses radiculares (ra\u00edzes), que suportar\u00e3o uma pr\u00f3tese de coroa (dente). Isso se d\u00e1 implantando um parafuso de tit\u00e2nio no interior do tecido \u00f3sseo na \u00e1rea onde ficava o elemento dental perdido. Com a implantodontia s\u00e3o feitas desde reabilita\u00e7\u00f5es unit\u00e1rias, at\u00e9 grandes [&hellip;]\" \/>\n<meta property=\"og:url\" content=\"https:\/\/marianiodontologia.com.br\/site\/implantodontia\/\" \/>\n<meta property=\"og:site_name\" content=\"Mariani Odontologia\" \/>\n<meta property=\"article:publisher\" content=\"https:\/\/www.facebook.com\/rafaelerodrigomariani\" \/>\n<meta property=\"article:modified_time\" content=\"2025-04-26T11:53:43+00:00\" \/>\n<meta name=\"twitter:card\" content=\"summary_large_image\" \/>\n<meta name=\"twitter:label1\" content=\"Est. tempo de leitura\" \/>\n\t<meta name=\"twitter:data1\" content=\"1 minuto\" \/>\n<script type=\"application\/ld+json\" class=\"yoast-schema-graph\">{\"@context\":\"https:\/\/schema.org\",\"@graph\":[{\"@type\":\"WebPage\",\"@id\":\"https:\/\/marianiodontologia.com.br\/site\/implantodontia\/\",\"url\":\"https:\/\/marianiodontologia.com.br\/site\/implantodontia\/\",\"name\":\"IMPLANTODONTIA - Mariani Odontologia\",\"isPartOf\":{\"@id\":\"https:\/\/marianiodontologia.com.br\/site\/#website\"},\"datePublished\":\"2019-06-21T19:28:00+00:00\",\"dateModified\":\"2025-04-26T11:53:43+00:00\",\"breadcrumb\":{\"@id\":\"https:\/\/marianiodontologia.com.br\/site\/implantodontia\/#breadcrumb\"},\"inLanguage\":\"pt-BR\",\"potentialAction\":[{\"@type\":\"ReadAction\",\"target\":[\"https:\/\/marianiodontologia.com.br\/site\/implantodontia\/\"]}]},{\"@type\":\"BreadcrumbList\",\"@id\":\"https:\/\/marianiodontologia.com.br\/site\/implantodontia\/#breadcrumb\",\"itemListElement\":[{\"@type\":\"ListItem\",\"position\":1,\"name\":\"Home\",\"item\":\"https:\/\/marianiodontologia.com.br\/site\/\"},{\"@type\":\"ListItem\",\"position\":2,\"name\":\"IMPLANTODONTIA\"}]},{\"@type\":\"WebSite\",\"@id\":\"https:\/\/marianiodontologia.com.br\/site\/#website\",\"url\":\"https:\/\/marianiodontologia.com.br\/site\/\",\"name\":\"Mariani Odontologia\",\"description\":\"Cl\u00ednica Odontologica\",\"publisher\":{\"@id\":\"https:\/\/marianiodontologia.com.br\/site\/#organization\"},\"potentialAction\":[{\"@type\":\"SearchAction\",\"target\":{\"@type\":\"EntryPoint\",\"urlTemplate\":\"https:\/\/marianiodontologia.com.br\/site\/?s={search_term_string}\"},\"query-input\":{\"@type\":\"PropertyValueSpecification\",\"valueRequired\":true,\"valueName\":\"search_term_string\"}}],\"inLanguage\":\"pt-BR\"},{\"@type\":\"Organization\",\"@id\":\"https:\/\/marianiodontologia.com.br\/site\/#organization\",\"name\":\"Mariani Odontologia\",\"url\":\"https:\/\/marianiodontologia.com.br\/site\/\",\"logo\":{\"@type\":\"ImageObject\",\"inLanguage\":\"pt-BR\",\"@id\":\"https:\/\/marianiodontologia.com.br\/site\/#\/schema\/logo\/image\/\",\"url\":\"https:\/\/marianiodontologia.com.br\/site\/wp-content\/uploads\/2025\/10\/Novo-logo-mariani-gold-concept--scaled.png\",\"contentUrl\":\"https:\/\/marianiodontologia.com.br\/site\/wp-content\/uploads\/2025\/10\/Novo-logo-mariani-gold-concept--scaled.png\",\"width\":2560,\"height\":1256,\"caption\":\"Mariani Odontologia\"},\"image\":{\"@id\":\"https:\/\/marianiodontologia.com.br\/site\/#\/schema\/logo\/image\/\"},\"sameAs\":[\"https:\/\/www.facebook.com\/rafaelerodrigomariani\",\"https:\/\/www.instagram.com\/rafaelerodrigomariani\",\"https:\/\/www.tiktok.com\/@marianiodontologia\"]}]}<\/script>\n<!-- \/ Yoast SEO plugin. -->","yoast_head_json":{"title":"IMPLANTODONTIA - Mariani Odontologia","robots":{"index":"noindex","follow":"follow","max-snippet":"max-snippet:-1","max-image-preview":"max-image-preview:large","max-video-preview":"max-video-preview:-1"},"og_locale":"pt_BR","og_type":"article","og_title":"IMPLANTODONTIA - Mariani Odontologia","og_description":"Implantodontia \u00e9 o ramo da odontologia que recupera espa\u00e7os edentulos atrav\u00e9s da inser\u00e7\u00e3o de pr\u00f3teses radiculares (ra\u00edzes), que suportar\u00e3o uma pr\u00f3tese de coroa (dente). Isso se d\u00e1 implantando um parafuso de tit\u00e2nio no interior do tecido \u00f3sseo na \u00e1rea onde ficava o elemento dental perdido. Com a implantodontia s\u00e3o feitas desde reabilita\u00e7\u00f5es unit\u00e1rias, at\u00e9 grandes [&hellip;]","og_url":"https:\/\/marianiodontologia.com.br\/site\/implantodontia\/","og_site_name":"Mariani Odontologia","article_publisher":"https:\/\/www.facebook.com\/rafaelerodrigomariani","article_modified_time":"2025-04-26T11:53:43+00:00","twitter_card":"summary_large_image","twitter_misc":{"Est. tempo de leitura":"1 minuto"},"schema":{"@context":"https:\/\/schema.org","@graph":[{"@type":"WebPage","@id":"https:\/\/marianiodontologia.com.br\/site\/implantodontia\/","url":"https:\/\/marianiodontologia.com.br\/site\/implantodontia\/","name":"IMPLANTODONTIA - Mariani Odontologia","isPartOf":{"@id":"https:\/\/marianiodontologia.com.br\/site\/#website"},"datePublished":"2019-06-21T19:28:00+00:00","dateModified":"2025-04-26T11:53:43+00:00","breadcrumb":{"@id":"https:\/\/marianiodontologia.com.br\/site\/implantodontia\/#breadcrumb"},"inLanguage":"pt-BR","potentialAction":[{"@type":"ReadAction","target":["https:\/\/marianiodontologia.com.br\/site\/implantodontia\/"]}]},{"@type":"BreadcrumbList","@id":"https:\/\/marianiodontologia.com.br\/site\/implantodontia\/#breadcrumb","itemListElement":[{"@type":"ListItem","position":1,"name":"Home","item":"https:\/\/marianiodontologia.com.br\/site\/"},{"@type":"ListItem","position":2,"name":"IMPLANTODONTIA"}]},{"@type":"WebSite","@id":"https:\/\/marianiodontologia.com.br\/site\/#website","url":"https:\/\/marianiodontologia.com.br\/site\/","name":"Mariani Odontologia","description":"Cl\u00ednica Odontologica","publisher":{"@id":"https:\/\/marianiodontologia.com.br\/site\/#organization"},"potentialAction":[{"@type":"SearchAction","target":{"@type":"EntryPoint","urlTemplate":"https:\/\/marianiodontologia.com.br\/site\/?s={search_term_string}"},"query-input":{"@type":"PropertyValueSpecification","valueRequired":true,"valueName":"search_term_string"}}],"inLanguage":"pt-BR"},{"@type":"Organization","@id":"https:\/\/marianiodontologia.com.br\/site\/#organization","name":"Mariani Odontologia","url":"https:\/\/marianiodontologia.com.br\/site\/","logo":{"@type":"ImageObject","inLanguage":"pt-BR","@id":"https:\/\/marianiodontologia.com.br\/site\/#\/schema\/logo\/image\/","url":"https:\/\/marianiodontologia.com.br\/site\/wp-content\/uploads\/2025\/10\/Novo-logo-mariani-gold-concept--scaled.png","contentUrl":"https:\/\/marianiodontologia.com.br\/site\/wp-content\/uploads\/2025\/10\/Novo-logo-mariani-gold-concept--scaled.png","width":2560,"height":1256,"caption":"Mariani Odontologia"},"image":{"@id":"https:\/\/marianiodontologia.com.br\/site\/#\/schema\/logo\/image\/"},"sameAs":["https:\/\/www.facebook.com\/rafaelerodrigomariani","https:\/\/www.instagram.com\/rafaelerodrigomariani","https:\/\/www.tiktok.com\/@marianiodontologia"]}]}},"_links":{"self":[{"href":"https:\/\/marianiodontologia.com.br\/site\/wp-json\/wp\/v2\/pages\/276","targetHints":{"allow":["GET"]}}],"collection":[{"href":"https:\/\/marianiodontologia.com.br\/site\/wp-json\/wp\/v2\/pages"}],"about":[{"href":"https:\/\/marianiodontologia.com.br\/site\/wp-json\/wp\/v2\/types\/page"}],"author":[{"embeddable":true,"href":"https:\/\/marianiodontologia.com.br\/site\/wp-json\/wp\/v2\/users\/1"}],"replies":[{"embeddable":true,"href":"https:\/\/marianiodontologia.com.br\/site\/wp-json\/wp\/v2\/comments?post=276"}],"version-history":[{"count":1,"href":"https:\/\/marianiodontologia.com.br\/site\/wp-json\/wp\/v2\/pages\/276\/revisions"}],"predecessor-version":[{"id":689,"href":"https:\/\/marianiodontologia.com.br\/site\/wp-json\/wp\/v2\/pages\/276\/revisions\/689"}],"wp:attachment":[{"href":"https:\/\/marianiodontologia.com.br\/site\/wp-json\/wp\/v2\/media?parent=276"}],"curies":[{"name":"wp","href":"https:\/\/api.w.org\/{rel}","templated":true}]}}