{"id":281,"date":"2019-06-21T19:47:25","date_gmt":"2019-06-21T19:47:25","guid":{"rendered":"https:\/\/www.marianiodontologia.com.br\/site\/?page_id=281"},"modified":"2025-08-20T19:33:42","modified_gmt":"2025-08-20T19:33:42","slug":"nossa-hitoria","status":"publish","type":"page","link":"https:\/\/marianiodontologia.com.br\/site\/nossa-hitoria\/","title":{"rendered":"Nossa Hist\u00f3ria"},"content":{"rendered":"\n<figure class=\"wp-block-image size-large\"><img fetchpriority=\"high\" decoding=\"async\" width=\"994\" height=\"1024\" src=\"https:\/\/marianiodontologia.com.br\/site\/wp-content\/uploads\/2025\/08\/Fachada-Mariani-2022-994x1024.jpg\" alt=\"\" class=\"wp-image-863\" srcset=\"https:\/\/marianiodontologia.com.br\/site\/wp-content\/uploads\/2025\/08\/Fachada-Mariani-2022-994x1024.jpg 994w, https:\/\/marianiodontologia.com.br\/site\/wp-content\/uploads\/2025\/08\/Fachada-Mariani-2022-291x300.jpg 291w, https:\/\/marianiodontologia.com.br\/site\/wp-content\/uploads\/2025\/08\/Fachada-Mariani-2022-768x791.jpg 768w, https:\/\/marianiodontologia.com.br\/site\/wp-content\/uploads\/2025\/08\/Fachada-Mariani-2022-1491x1536.jpg 1491w, https:\/\/marianiodontologia.com.br\/site\/wp-content\/uploads\/2025\/08\/Fachada-Mariani-2022-1987x2048.jpg 1987w, https:\/\/marianiodontologia.com.br\/site\/wp-content\/uploads\/2025\/08\/Fachada-Mariani-2022.jpg 2000w\" sizes=\"(max-width: 994px) 100vw, 994px\" \/><\/figure>\n\n\n\n<p class=\"has-medium-font-size\">Desde 1997, a Mariani Odontologia \u00e9 refer\u00eancia em tratamentos odontol\u00f3gicos de alta qualidade em S\u00e3o Jos\u00e9 do Rio Preto. Nossa equipe de especialistas atua com excel\u00eancia em \u00e1reas como implantodontia, endodontia e est\u00e9tica dental, sempre utilizando tecnologias modernas e t\u00e9cnicas avan\u00e7adas para garantir os melhores resultados.<\/p>\n\n\n\n<p><\/p>\n","protected":false},"excerpt":{"rendered":"<p>Desde 1997, a Mariani Odontologia \u00e9 refer\u00eancia em tratamentos odontol\u00f3gicos de alta qualidade em S\u00e3o Jos\u00e9 do Rio Preto. Nossa equipe de especialistas atua com excel\u00eancia em \u00e1reas como implantodontia, endodontia e est\u00e9tica dental, sempre utilizando tecnologias modernas e t\u00e9cnicas avan\u00e7adas para garantir os melhores resultados.<\/p>\n","protected":false},"author":1,"featured_media":0,"parent":0,"menu_order":0,"comment_status":"closed","ping_status":"closed","template":"","meta":{"footnotes":""},"class_list":["post-281","page","type-page","status-publish","hentry"],"yoast_head":"<!-- This site is optimized with the Yoast SEO plugin v25.2 - https:\/\/yoast.com\/wordpress\/plugins\/seo\/ -->\n<title>Nossa Hist\u00f3ria - Mariani Odontologia<\/title>\n<meta name=\"robots\" content=\"noindex, follow, max-snippet:-1, max-image-preview:large, max-video-preview:-1\" \/>\n<meta property=\"og:locale\" content=\"pt_BR\" \/>\n<meta property=\"og:type\" content=\"article\" \/>\n<meta property=\"og:title\" content=\"Nossa Hist\u00f3ria - Mariani Odontologia\" \/>\n<meta property=\"og:description\" content=\"Desde 1997, a Mariani Odontologia \u00e9 refer\u00eancia em tratamentos odontol\u00f3gicos de alta qualidade em S\u00e3o Jos\u00e9 do Rio Preto. Nossa equipe de especialistas atua com excel\u00eancia em \u00e1reas como implantodontia, endodontia e est\u00e9tica dental, sempre utilizando tecnologias modernas e t\u00e9cnicas avan\u00e7adas para garantir os melhores resultados.\" \/>\n<meta property=\"og:url\" content=\"https:\/\/marianiodontologia.com.br\/site\/nossa-hitoria\/\" \/>\n<meta property=\"og:site_name\" content=\"Mariani Odontologia\" \/>\n<meta property=\"article:publisher\" content=\"https:\/\/www.facebook.com\/rafaelerodrigomariani\" \/>\n<meta property=\"article:modified_time\" content=\"2025-08-20T19:33:42+00:00\" \/>\n<meta property=\"og:image\" content=\"https:\/\/marianiodontologia.com.br\/site\/wp-content\/uploads\/2025\/08\/Fachada-Mariani-2022.jpg\" \/>\n\t<meta property=\"og:image:width\" content=\"2000\" \/>\n\t<meta property=\"og:image:height\" content=\"2061\" \/>\n\t<meta property=\"og:image:type\" content=\"image\/jpeg\" \/>\n<meta name=\"twitter:card\" content=\"summary_large_image\" \/>\n<meta name=\"twitter:label1\" content=\"Est. tempo de leitura\" \/>\n\t<meta name=\"twitter:data1\" content=\"1 minuto\" \/>\n<script type=\"application\/ld+json\" class=\"yoast-schema-graph\">{\"@context\":\"https:\/\/schema.org\",\"@graph\":[{\"@type\":\"WebPage\",\"@id\":\"https:\/\/marianiodontologia.com.br\/site\/nossa-hitoria\/\",\"url\":\"https:\/\/marianiodontologia.com.br\/site\/nossa-hitoria\/\",\"name\":\"Nossa Hist\u00f3ria - Mariani Odontologia\",\"isPartOf\":{\"@id\":\"https:\/\/marianiodontologia.com.br\/site\/#website\"},\"primaryImageOfPage\":{\"@id\":\"https:\/\/marianiodontologia.com.br\/site\/nossa-hitoria\/#primaryimage\"},\"image\":{\"@id\":\"https:\/\/marianiodontologia.com.br\/site\/nossa-hitoria\/#primaryimage\"},\"thumbnailUrl\":\"https:\/\/marianiodontologia.com.br\/site\/wp-content\/uploads\/2025\/08\/Fachada-Mariani-2022-994x1024.jpg\",\"datePublished\":\"2019-06-21T19:47:25+00:00\",\"dateModified\":\"2025-08-20T19:33:42+00:00\",\"breadcrumb\":{\"@id\":\"https:\/\/marianiodontologia.com.br\/site\/nossa-hitoria\/#breadcrumb\"},\"inLanguage\":\"pt-BR\",\"potentialAction\":[{\"@type\":\"ReadAction\",\"target\":[\"https:\/\/marianiodontologia.com.br\/site\/nossa-hitoria\/\"]}]},{\"@type\":\"ImageObject\",\"inLanguage\":\"pt-BR\",\"@id\":\"https:\/\/marianiodontologia.com.br\/site\/nossa-hitoria\/#primaryimage\",\"url\":\"https:\/\/marianiodontologia.com.br\/site\/wp-content\/uploads\/2025\/08\/Fachada-Mariani-2022.jpg\",\"contentUrl\":\"https:\/\/marianiodontologia.com.br\/site\/wp-content\/uploads\/2025\/08\/Fachada-Mariani-2022.jpg\",\"width\":2000,\"height\":2061},{\"@type\":\"BreadcrumbList\",\"@id\":\"https:\/\/marianiodontologia.com.br\/site\/nossa-hitoria\/#breadcrumb\",\"itemListElement\":[{\"@type\":\"ListItem\",\"position\":1,\"name\":\"Home\",\"item\":\"https:\/\/marianiodontologia.com.br\/site\/\"},{\"@type\":\"ListItem\",\"position\":2,\"name\":\"Nossa Hist\u00f3ria\"}]},{\"@type\":\"WebSite\",\"@id\":\"https:\/\/marianiodontologia.com.br\/site\/#website\",\"url\":\"https:\/\/marianiodontologia.com.br\/site\/\",\"name\":\"Mariani Odontologia\",\"description\":\"Cl\u00ednica Odontologica\",\"publisher\":{\"@id\":\"https:\/\/marianiodontologia.com.br\/site\/#organization\"},\"potentialAction\":[{\"@type\":\"SearchAction\",\"target\":{\"@type\":\"EntryPoint\",\"urlTemplate\":\"https:\/\/marianiodontologia.com.br\/site\/?s={search_term_string}\"},\"query-input\":{\"@type\":\"PropertyValueSpecification\",\"valueRequired\":true,\"valueName\":\"search_term_string\"}}],\"inLanguage\":\"pt-BR\"},{\"@type\":\"Organization\",\"@id\":\"https:\/\/marianiodontologia.com.br\/site\/#organization\",\"name\":\"Mariani Odontologia\",\"url\":\"https:\/\/marianiodontologia.com.br\/site\/\",\"logo\":{\"@type\":\"ImageObject\",\"inLanguage\":\"pt-BR\",\"@id\":\"https:\/\/marianiodontologia.com.br\/site\/#\/schema\/logo\/image\/\",\"url\":\"https:\/\/marianiodontologia.com.br\/site\/wp-content\/uploads\/2025\/10\/Novo-logo-mariani-gold-concept--scaled.png\",\"contentUrl\":\"https:\/\/marianiodontologia.com.br\/site\/wp-content\/uploads\/2025\/10\/Novo-logo-mariani-gold-concept--scaled.png\",\"width\":2560,\"height\":1256,\"caption\":\"Mariani Odontologia\"},\"image\":{\"@id\":\"https:\/\/marianiodontologia.com.br\/site\/#\/schema\/logo\/image\/\"},\"sameAs\":[\"https:\/\/www.facebook.com\/rafaelerodrigomariani\",\"https:\/\/www.instagram.com\/rafaelerodrigomariani\",\"https:\/\/www.tiktok.com\/@marianiodontologia\"]}]}<\/script>\n<!-- \/ Yoast SEO plugin. -->","yoast_head_json":{"title":"Nossa Hist\u00f3ria - Mariani Odontologia","robots":{"index":"noindex","follow":"follow","max-snippet":"max-snippet:-1","max-image-preview":"max-image-preview:large","max-video-preview":"max-video-preview:-1"},"og_locale":"pt_BR","og_type":"article","og_title":"Nossa Hist\u00f3ria - Mariani Odontologia","og_description":"Desde 1997, a Mariani Odontologia \u00e9 refer\u00eancia em tratamentos odontol\u00f3gicos de alta qualidade em S\u00e3o Jos\u00e9 do Rio Preto. Nossa equipe de especialistas atua com excel\u00eancia em \u00e1reas como implantodontia, endodontia e est\u00e9tica dental, sempre utilizando tecnologias modernas e t\u00e9cnicas avan\u00e7adas para garantir os melhores resultados.","og_url":"https:\/\/marianiodontologia.com.br\/site\/nossa-hitoria\/","og_site_name":"Mariani Odontologia","article_publisher":"https:\/\/www.facebook.com\/rafaelerodrigomariani","article_modified_time":"2025-08-20T19:33:42+00:00","og_image":[{"width":2000,"height":2061,"url":"https:\/\/marianiodontologia.com.br\/site\/wp-content\/uploads\/2025\/08\/Fachada-Mariani-2022.jpg","type":"image\/jpeg"}],"twitter_card":"summary_large_image","twitter_misc":{"Est. tempo de leitura":"1 minuto"},"schema":{"@context":"https:\/\/schema.org","@graph":[{"@type":"WebPage","@id":"https:\/\/marianiodontologia.com.br\/site\/nossa-hitoria\/","url":"https:\/\/marianiodontologia.com.br\/site\/nossa-hitoria\/","name":"Nossa Hist\u00f3ria - Mariani Odontologia","isPartOf":{"@id":"https:\/\/marianiodontologia.com.br\/site\/#website"},"primaryImageOfPage":{"@id":"https:\/\/marianiodontologia.com.br\/site\/nossa-hitoria\/#primaryimage"},"image":{"@id":"https:\/\/marianiodontologia.com.br\/site\/nossa-hitoria\/#primaryimage"},"thumbnailUrl":"https:\/\/marianiodontologia.com.br\/site\/wp-content\/uploads\/2025\/08\/Fachada-Mariani-2022-994x1024.jpg","datePublished":"2019-06-21T19:47:25+00:00","dateModified":"2025-08-20T19:33:42+00:00","breadcrumb":{"@id":"https:\/\/marianiodontologia.com.br\/site\/nossa-hitoria\/#breadcrumb"},"inLanguage":"pt-BR","potentialAction":[{"@type":"ReadAction","target":["https:\/\/marianiodontologia.com.br\/site\/nossa-hitoria\/"]}]},{"@type":"ImageObject","inLanguage":"pt-BR","@id":"https:\/\/marianiodontologia.com.br\/site\/nossa-hitoria\/#primaryimage","url":"https:\/\/marianiodontologia.com.br\/site\/wp-content\/uploads\/2025\/08\/Fachada-Mariani-2022.jpg","contentUrl":"https:\/\/marianiodontologia.com.br\/site\/wp-content\/uploads\/2025\/08\/Fachada-Mariani-2022.jpg","width":2000,"height":2061},{"@type":"BreadcrumbList","@id":"https:\/\/marianiodontologia.com.br\/site\/nossa-hitoria\/#breadcrumb","itemListElement":[{"@type":"ListItem","position":1,"name":"Home","item":"https:\/\/marianiodontologia.com.br\/site\/"},{"@type":"ListItem","position":2,"name":"Nossa Hist\u00f3ria"}]},{"@type":"WebSite","@id":"https:\/\/marianiodontologia.com.br\/site\/#website","url":"https:\/\/marianiodontologia.com.br\/site\/","name":"Mariani Odontologia","description":"Cl\u00ednica Odontologica","publisher":{"@id":"https:\/\/marianiodontologia.com.br\/site\/#organization"},"potentialAction":[{"@type":"SearchAction","target":{"@type":"EntryPoint","urlTemplate":"https:\/\/marianiodontologia.com.br\/site\/?s={search_term_string}"},"query-input":{"@type":"PropertyValueSpecification","valueRequired":true,"valueName":"search_term_string"}}],"inLanguage":"pt-BR"},{"@type":"Organization","@id":"https:\/\/marianiodontologia.com.br\/site\/#organization","name":"Mariani Odontologia","url":"https:\/\/marianiodontologia.com.br\/site\/","logo":{"@type":"ImageObject","inLanguage":"pt-BR","@id":"https:\/\/marianiodontologia.com.br\/site\/#\/schema\/logo\/image\/","url":"https:\/\/marianiodontologia.com.br\/site\/wp-content\/uploads\/2025\/10\/Novo-logo-mariani-gold-concept--scaled.png","contentUrl":"https:\/\/marianiodontologia.com.br\/site\/wp-content\/uploads\/2025\/10\/Novo-logo-mariani-gold-concept--scaled.png","width":2560,"height":1256,"caption":"Mariani Odontologia"},"image":{"@id":"https:\/\/marianiodontologia.com.br\/site\/#\/schema\/logo\/image\/"},"sameAs":["https:\/\/www.facebook.com\/rafaelerodrigomariani","https:\/\/www.instagram.com\/rafaelerodrigomariani","https:\/\/www.tiktok.com\/@marianiodontologia"]}]}},"_links":{"self":[{"href":"https:\/\/marianiodontologia.com.br\/site\/wp-json\/wp\/v2\/pages\/281","targetHints":{"allow":["GET"]}}],"collection":[{"href":"https:\/\/marianiodontologia.com.br\/site\/wp-json\/wp\/v2\/pages"}],"about":[{"href":"https:\/\/marianiodontologia.com.br\/site\/wp-json\/wp\/v2\/types\/page"}],"author":[{"embeddable":true,"href":"https:\/\/marianiodontologia.com.br\/site\/wp-json\/wp\/v2\/users\/1"}],"replies":[{"embeddable":true,"href":"https:\/\/marianiodontologia.com.br\/site\/wp-json\/wp\/v2\/comments?post=281"}],"version-history":[{"count":4,"href":"https:\/\/marianiodontologia.com.br\/site\/wp-json\/wp\/v2\/pages\/281\/revisions"}],"predecessor-version":[{"id":865,"href":"https:\/\/marianiodontologia.com.br\/site\/wp-json\/wp\/v2\/pages\/281\/revisions\/865"}],"wp:attachment":[{"href":"https:\/\/marianiodontologia.com.br\/site\/wp-json\/wp\/v2\/media?parent=281"}],"curies":[{"name":"wp","href":"https:\/\/api.w.org\/{rel}","templated":true}]}}