{"id":612,"date":"2018-10-29T13:29:28","date_gmt":"2018-10-29T13:29:28","guid":{"rendered":"http:\/\/www.marianiodontologia.ml\/?page_id=77"},"modified":"2025-08-20T17:13:12","modified_gmt":"2025-08-20T17:13:12","slug":"equipe","status":"publish","type":"page","link":"https:\/\/marianiodontologia.com.br\/site\/equipe\/","title":{"rendered":"Equipe"},"content":{"rendered":"\t\t<div data-elementor-type=\"wp-page\" data-elementor-id=\"612\" class=\"elementor elementor-612\" data-elementor-post-type=\"page\">\n\t\t\t\t<div class=\"elementor-element elementor-element-7f6d3de e-flex e-con-boxed e-con e-parent\" data-id=\"7f6d3de\" data-element_type=\"container\">\n\t\t\t\t\t<div class=\"e-con-inner\">\n\t\t<div class=\"elementor-element elementor-element-2ecde61 e-con-full e-flex e-con e-child\" data-id=\"2ecde61\" data-element_type=\"container\">\n\t\t<div class=\"elementor-element elementor-element-4832f23 e-con-full e-flex e-con e-child\" data-id=\"4832f23\" data-element_type=\"container\">\n\t\t<div class=\"elementor-element elementor-element-3fc9ceb e-con-full e-flex e-con e-child\" data-id=\"3fc9ceb\" data-element_type=\"container\">\n\t\t\t\t<div class=\"elementor-element elementor-element-30264a8 elementor-invisible elementor-widget elementor-widget-heading\" data-id=\"30264a8\" data-element_type=\"widget\" data-settings=\"{&quot;_animation&quot;:&quot;fadeInUp&quot;}\" data-widget_type=\"heading.default\">\n\t\t\t\t<div class=\"elementor-widget-container\">\n\t\t\t\t\t<h6 class=\"elementor-heading-title elementor-size-default\">Conhe\u00e7a nossa equipe<\/h6>\t\t\t\t<\/div>\n\t\t\t\t<\/div>\n\t\t\t\t<div class=\"elementor-element elementor-element-825f9f1 elementor-invisible elementor-widget elementor-widget-heading\" data-id=\"825f9f1\" data-element_type=\"widget\" data-settings=\"{&quot;_animation&quot;:&quot;fadeInUp&quot;}\" data-widget_type=\"heading.default\">\n\t\t\t\t<div class=\"elementor-widget-container\">\n\t\t\t\t\t<h3 class=\"elementor-heading-title elementor-size-default\">Nossos especialistas<\/h3>\t\t\t\t<\/div>\n\t\t\t\t<\/div>\n\t\t\t\t<\/div>\n\t\t\t\t<\/div>\n\t\t<div class=\"elementor-element elementor-element-8614cc6 e-con-full e-flex e-con e-child\" data-id=\"8614cc6\" data-element_type=\"container\">\n\t\t<div class=\"elementor-element elementor-element-957c092 e-con-full e-flex e-con e-child\" data-id=\"957c092\" data-element_type=\"container\">\n\t\t<div class=\"elementor-element elementor-element-c7f763a e-con-full e-flex e-con e-child\" data-id=\"c7f763a\" data-element_type=\"container\" data-settings=\"{&quot;background_background&quot;:&quot;classic&quot;}\">\n\t\t\t\t<\/div>\n\t\t\t\t<div class=\"elementor-element elementor-element-e582a76 elementor-widget elementor-widget-heading\" data-id=\"e582a76\" data-element_type=\"widget\" data-widget_type=\"heading.default\">\n\t\t\t\t<div class=\"elementor-widget-container\">\n\t\t\t\t\t<h2 class=\"elementor-heading-title elementor-size-default\">DR. RAFAEL MARIANI <BR \/>\n<span style=\"font-size:20px\">CRO 57885<\/span><\/h2>\t\t\t\t<\/div>\n\t\t\t\t<\/div>\n\t\t\t\t<div class=\"elementor-element elementor-element-d3ca3be elementor-widget elementor-widget-text-editor\" data-id=\"d3ca3be\" data-element_type=\"widget\" data-widget_type=\"text-editor.default\">\n\t\t\t\t<div class=\"elementor-widget-container\">\n\t\t\t\t\t\t\t\t\t<p>ESPECIALISTA E MESTRANDO EM IMPLANTODONTIA<\/p>\t\t\t\t\t\t\t\t<\/div>\n\t\t\t\t<\/div>\n\t\t\t\t<\/div>\n\t\t<div class=\"elementor-element elementor-element-a658ed2 e-con-full e-flex e-con e-child\" data-id=\"a658ed2\" data-element_type=\"container\">\n\t\t<div class=\"elementor-element elementor-element-8cb97df e-con-full e-flex e-con e-child\" data-id=\"8cb97df\" data-element_type=\"container\" data-settings=\"{&quot;background_background&quot;:&quot;classic&quot;}\">\n\t\t\t\t<\/div>\n\t\t\t\t<div class=\"elementor-element elementor-element-b06eb13 elementor-widget elementor-widget-heading\" data-id=\"b06eb13\" data-element_type=\"widget\" data-widget_type=\"heading.default\">\n\t\t\t\t<div class=\"elementor-widget-container\">\n\t\t\t\t\t<h2 class=\"elementor-heading-title elementor-size-default\">DR. RODRIGO MARIANI<BR \/>\n<span style=\"font-size:20px\">CRO 76844<\/span><\/h2>\t\t\t\t<\/div>\n\t\t\t\t<\/div>\n\t\t\t\t<div class=\"elementor-element elementor-element-ca1981e elementor-widget elementor-widget-text-editor\" data-id=\"ca1981e\" data-element_type=\"widget\" data-widget_type=\"text-editor.default\">\n\t\t\t\t<div class=\"elementor-widget-container\">\n\t\t\t\t\t\t\t\t\t<p>ESPECIALISTA EM ENDODONTIA<\/p>\t\t\t\t\t\t\t\t<\/div>\n\t\t\t\t<\/div>\n\t\t\t\t<\/div>\n\t\t<div class=\"elementor-element elementor-element-50f62e5 e-con-full e-flex e-con e-child\" data-id=\"50f62e5\" data-element_type=\"container\">\n\t\t<div class=\"elementor-element elementor-element-0c85a12 e-con-full e-flex e-con e-child\" data-id=\"0c85a12\" data-element_type=\"container\" data-settings=\"{&quot;background_background&quot;:&quot;classic&quot;}\">\n\t\t\t\t<\/div>\n\t\t\t\t<div class=\"elementor-element elementor-element-b24f25d elementor-widget elementor-widget-heading\" data-id=\"b24f25d\" data-element_type=\"widget\" data-widget_type=\"heading.default\">\n\t\t\t\t<div class=\"elementor-widget-container\">\n\t\t\t\t\t<h2 class=\"elementor-heading-title elementor-size-default\">DRA. CRISTIANE MARIANI<br>\n<span style=\"font-size:20px\">CRO <\/span><span style=\"font-size: 20px\">62573<\/span><span style=\"color: inherit;font-family: inherit\"><\/span><br><\/h2>\t\t\t\t<\/div>\n\t\t\t\t<\/div>\n\t\t\t\t<div class=\"elementor-element elementor-element-a1bb963 elementor-widget elementor-widget-text-editor\" data-id=\"a1bb963\" data-element_type=\"widget\" data-widget_type=\"text-editor.default\">\n\t\t\t\t<div class=\"elementor-widget-container\">\n\t\t\t\t\t\t\t\t\t<p>ESPECIALISTA EM PR\u00d3TESE<\/p>\t\t\t\t\t\t\t\t<\/div>\n\t\t\t\t<\/div>\n\t\t\t\t<\/div>\n\t\t\t\t<\/div>\n\t\t<div class=\"elementor-element elementor-element-f134cdc e-con-full e-flex e-con e-child\" data-id=\"f134cdc\" data-element_type=\"container\">\n\t\t<div class=\"elementor-element elementor-element-6700306 e-con-full e-flex e-con e-child\" data-id=\"6700306\" data-element_type=\"container\">\n\t\t<div class=\"elementor-element elementor-element-e9b1aef e-con-full e-flex e-con e-child\" data-id=\"e9b1aef\" data-element_type=\"container\" data-settings=\"{&quot;background_background&quot;:&quot;classic&quot;}\">\n\t\t\t\t<\/div>\n\t\t\t\t<div class=\"elementor-element elementor-element-164c4b3 elementor-widget elementor-widget-heading\" data-id=\"164c4b3\" data-element_type=\"widget\" data-widget_type=\"heading.default\">\n\t\t\t\t<div class=\"elementor-widget-container\">\n\t\t\t\t\t<h2 class=\"elementor-heading-title elementor-size-default\">DR. THIAGO MARIANI<br>\n<span style=\"font-size:20px\">CRO <\/span><span style=\"font-size: 20px\">108918<\/span><span style=\"color: inherit;font-family: inherit\"><\/span><br><\/h2>\t\t\t\t<\/div>\n\t\t\t\t<\/div>\n\t\t\t\t<div class=\"elementor-element elementor-element-a96614a elementor-widget elementor-widget-text-editor\" data-id=\"a96614a\" data-element_type=\"widget\" data-widget_type=\"text-editor.default\">\n\t\t\t\t<div class=\"elementor-widget-container\">\n\t\t\t\t\t\t\t\t\t<p>ESPECIALISTA EM PR\u00d3TESE<\/p>\t\t\t\t\t\t\t\t<\/div>\n\t\t\t\t<\/div>\n\t\t\t\t<\/div>\n\t\t<div class=\"elementor-element elementor-element-bb7d960 e-con-full e-flex e-con e-child\" data-id=\"bb7d960\" data-element_type=\"container\">\n\t\t<div class=\"elementor-element elementor-element-3853805 e-con-full e-flex e-con e-child\" data-id=\"3853805\" data-element_type=\"container\" data-settings=\"{&quot;background_background&quot;:&quot;classic&quot;}\">\n\t\t\t\t<\/div>\n\t\t\t\t<div class=\"elementor-element elementor-element-38744b7 elementor-widget elementor-widget-heading\" data-id=\"38744b7\" data-element_type=\"widget\" data-widget_type=\"heading.default\">\n\t\t\t\t<div class=\"elementor-widget-container\">\n\t\t\t\t\t<h2 class=\"elementor-heading-title elementor-size-default\">DR. JACQUELINE CRISTINA<BR \/>\n<span style=\"font-size:20px\">CRO 76844<\/span><\/h2>\t\t\t\t<\/div>\n\t\t\t\t<\/div>\n\t\t\t\t<div class=\"elementor-element elementor-element-63e5dac elementor-widget elementor-widget-text-editor\" data-id=\"63e5dac\" data-element_type=\"widget\" data-widget_type=\"text-editor.default\">\n\t\t\t\t<div class=\"elementor-widget-container\">\n\t\t\t\t\t\t\t\t\t<p>ESPECIALISTA EM DENT\u00cdSTICA<\/p>\t\t\t\t\t\t\t\t<\/div>\n\t\t\t\t<\/div>\n\t\t\t\t<\/div>\n\t\t<div class=\"elementor-element elementor-element-407f923 e-con-full e-flex e-con e-child\" data-id=\"407f923\" data-element_type=\"container\">\n\t\t<div class=\"elementor-element elementor-element-ec7a5f9 e-con-full e-flex e-con e-child\" data-id=\"ec7a5f9\" data-element_type=\"container\" data-settings=\"{&quot;background_background&quot;:&quot;classic&quot;}\">\n\t\t\t\t<\/div>\n\t\t\t\t<div class=\"elementor-element elementor-element-d6cfdcf elementor-widget elementor-widget-heading\" data-id=\"d6cfdcf\" data-element_type=\"widget\" data-widget_type=\"heading.default\">\n\t\t\t\t<div class=\"elementor-widget-container\">\n\t\t\t\t\t<h2 class=\"elementor-heading-title elementor-size-default\">DRA. PATRICIA GARANI<BR \/>\n<span style=\"font-size:20px\">CRO  114026<\/span><\/h2>\t\t\t\t<\/div>\n\t\t\t\t<\/div>\n\t\t\t\t<div class=\"elementor-element elementor-element-b90e650 elementor-widget elementor-widget-text-editor\" data-id=\"b90e650\" data-element_type=\"widget\" data-widget_type=\"text-editor.default\">\n\t\t\t\t<div class=\"elementor-widget-container\">\n\t\t\t\t\t\t\t\t\t<p>ESPECIALISTA EM PERIODONTIA<\/p>\t\t\t\t\t\t\t\t<\/div>\n\t\t\t\t<\/div>\n\t\t\t\t<\/div>\n\t\t\t\t<\/div>\n\t\t\t\t<\/div>\n\t\t\t\t\t<\/div>\n\t\t\t\t<\/div>\n\t\t\t\t<\/div>\n\t\t","protected":false},"excerpt":{"rendered":"<p>Conhe\u00e7a nossa equipe Nossos especialistas DR. RAFAEL MARIANI CRO 57885 ESPECIALISTA E MESTRANDO EM IMPLANTODONTIA DR. RODRIGO MARIANI CRO 76844 ESPECIALISTA EM ENDODONTIA DRA. CRISTIANE MARIANI CRO 62573 ESPECIALISTA EM PR\u00d3TESE DR. THIAGO MARIANI CRO 108918 ESPECIALISTA EM PR\u00d3TESE DR. JACQUELINE CRISTINA CRO 76844 ESPECIALISTA EM DENT\u00cdSTICA DRA. PATRICIA GARANI CRO 114026 ESPECIALISTA EM PERIODONTIA<\/p>\n","protected":false},"author":1,"featured_media":0,"parent":0,"menu_order":0,"comment_status":"closed","ping_status":"closed","template":"","meta":{"footnotes":""},"class_list":["post-612","page","type-page","status-publish","hentry"],"yoast_head":"<!-- This site is optimized with the Yoast SEO plugin v25.2 - https:\/\/yoast.com\/wordpress\/plugins\/seo\/ -->\n<title>Equipe - Mariani Odontologia<\/title>\n<meta name=\"robots\" content=\"noindex, follow, max-snippet:-1, max-image-preview:large, max-video-preview:-1\" \/>\n<meta property=\"og:locale\" content=\"pt_BR\" \/>\n<meta property=\"og:type\" content=\"article\" \/>\n<meta property=\"og:title\" content=\"Equipe - Mariani Odontologia\" \/>\n<meta property=\"og:description\" content=\"Conhe\u00e7a nossa equipe Nossos especialistas DR. RAFAEL MARIANI CRO 57885 ESPECIALISTA E MESTRANDO EM IMPLANTODONTIA DR. RODRIGO MARIANI CRO 76844 ESPECIALISTA EM ENDODONTIA DRA. CRISTIANE MARIANI CRO 62573 ESPECIALISTA EM PR\u00d3TESE DR. THIAGO MARIANI CRO 108918 ESPECIALISTA EM PR\u00d3TESE DR. JACQUELINE CRISTINA CRO 76844 ESPECIALISTA EM DENT\u00cdSTICA DRA. PATRICIA GARANI CRO 114026 ESPECIALISTA EM PERIODONTIA\" \/>\n<meta property=\"og:url\" content=\"https:\/\/marianiodontologia.com.br\/site\/equipe\/\" \/>\n<meta property=\"og:site_name\" content=\"Mariani Odontologia\" \/>\n<meta property=\"article:publisher\" content=\"https:\/\/www.facebook.com\/rafaelerodrigomariani\" \/>\n<meta property=\"article:modified_time\" content=\"2025-08-20T17:13:12+00:00\" \/>\n<meta name=\"twitter:card\" content=\"summary_large_image\" \/>\n<meta name=\"twitter:label1\" content=\"Est. tempo de leitura\" \/>\n\t<meta name=\"twitter:data1\" content=\"1 minuto\" \/>\n<script type=\"application\/ld+json\" class=\"yoast-schema-graph\">{\"@context\":\"https:\/\/schema.org\",\"@graph\":[{\"@type\":\"WebPage\",\"@id\":\"https:\/\/marianiodontologia.com.br\/site\/equipe\/\",\"url\":\"https:\/\/marianiodontologia.com.br\/site\/equipe\/\",\"name\":\"Equipe - Mariani Odontologia\",\"isPartOf\":{\"@id\":\"https:\/\/marianiodontologia.com.br\/site\/#website\"},\"datePublished\":\"2018-10-29T13:29:28+00:00\",\"dateModified\":\"2025-08-20T17:13:12+00:00\",\"breadcrumb\":{\"@id\":\"https:\/\/marianiodontologia.com.br\/site\/equipe\/#breadcrumb\"},\"inLanguage\":\"pt-BR\",\"potentialAction\":[{\"@type\":\"ReadAction\",\"target\":[\"https:\/\/marianiodontologia.com.br\/site\/equipe\/\"]}]},{\"@type\":\"BreadcrumbList\",\"@id\":\"https:\/\/marianiodontologia.com.br\/site\/equipe\/#breadcrumb\",\"itemListElement\":[{\"@type\":\"ListItem\",\"position\":1,\"name\":\"Home\",\"item\":\"https:\/\/marianiodontologia.com.br\/site\/\"},{\"@type\":\"ListItem\",\"position\":2,\"name\":\"Equipe\"}]},{\"@type\":\"WebSite\",\"@id\":\"https:\/\/marianiodontologia.com.br\/site\/#website\",\"url\":\"https:\/\/marianiodontologia.com.br\/site\/\",\"name\":\"Mariani Odontologia\",\"description\":\"Cl\u00ednica Odontologica\",\"publisher\":{\"@id\":\"https:\/\/marianiodontologia.com.br\/site\/#organization\"},\"potentialAction\":[{\"@type\":\"SearchAction\",\"target\":{\"@type\":\"EntryPoint\",\"urlTemplate\":\"https:\/\/marianiodontologia.com.br\/site\/?s={search_term_string}\"},\"query-input\":{\"@type\":\"PropertyValueSpecification\",\"valueRequired\":true,\"valueName\":\"search_term_string\"}}],\"inLanguage\":\"pt-BR\"},{\"@type\":\"Organization\",\"@id\":\"https:\/\/marianiodontologia.com.br\/site\/#organization\",\"name\":\"Mariani Odontologia\",\"url\":\"https:\/\/marianiodontologia.com.br\/site\/\",\"logo\":{\"@type\":\"ImageObject\",\"inLanguage\":\"pt-BR\",\"@id\":\"https:\/\/marianiodontologia.com.br\/site\/#\/schema\/logo\/image\/\",\"url\":\"https:\/\/marianiodontologia.com.br\/site\/wp-content\/uploads\/2025\/10\/Novo-logo-mariani-gold-concept--scaled.png\",\"contentUrl\":\"https:\/\/marianiodontologia.com.br\/site\/wp-content\/uploads\/2025\/10\/Novo-logo-mariani-gold-concept--scaled.png\",\"width\":2560,\"height\":1256,\"caption\":\"Mariani Odontologia\"},\"image\":{\"@id\":\"https:\/\/marianiodontologia.com.br\/site\/#\/schema\/logo\/image\/\"},\"sameAs\":[\"https:\/\/www.facebook.com\/rafaelerodrigomariani\",\"https:\/\/www.instagram.com\/rafaelerodrigomariani\",\"https:\/\/www.tiktok.com\/@marianiodontologia\"]}]}<\/script>\n<!-- \/ Yoast SEO plugin. -->","yoast_head_json":{"title":"Equipe - Mariani Odontologia","robots":{"index":"noindex","follow":"follow","max-snippet":"max-snippet:-1","max-image-preview":"max-image-preview:large","max-video-preview":"max-video-preview:-1"},"og_locale":"pt_BR","og_type":"article","og_title":"Equipe - Mariani Odontologia","og_description":"Conhe\u00e7a nossa equipe Nossos especialistas DR. RAFAEL MARIANI CRO 57885 ESPECIALISTA E MESTRANDO EM IMPLANTODONTIA DR. RODRIGO MARIANI CRO 76844 ESPECIALISTA EM ENDODONTIA DRA. CRISTIANE MARIANI CRO 62573 ESPECIALISTA EM PR\u00d3TESE DR. THIAGO MARIANI CRO 108918 ESPECIALISTA EM PR\u00d3TESE DR. JACQUELINE CRISTINA CRO 76844 ESPECIALISTA EM DENT\u00cdSTICA DRA. PATRICIA GARANI CRO 114026 ESPECIALISTA EM PERIODONTIA","og_url":"https:\/\/marianiodontologia.com.br\/site\/equipe\/","og_site_name":"Mariani Odontologia","article_publisher":"https:\/\/www.facebook.com\/rafaelerodrigomariani","article_modified_time":"2025-08-20T17:13:12+00:00","twitter_card":"summary_large_image","twitter_misc":{"Est. tempo de leitura":"1 minuto"},"schema":{"@context":"https:\/\/schema.org","@graph":[{"@type":"WebPage","@id":"https:\/\/marianiodontologia.com.br\/site\/equipe\/","url":"https:\/\/marianiodontologia.com.br\/site\/equipe\/","name":"Equipe - Mariani Odontologia","isPartOf":{"@id":"https:\/\/marianiodontologia.com.br\/site\/#website"},"datePublished":"2018-10-29T13:29:28+00:00","dateModified":"2025-08-20T17:13:12+00:00","breadcrumb":{"@id":"https:\/\/marianiodontologia.com.br\/site\/equipe\/#breadcrumb"},"inLanguage":"pt-BR","potentialAction":[{"@type":"ReadAction","target":["https:\/\/marianiodontologia.com.br\/site\/equipe\/"]}]},{"@type":"BreadcrumbList","@id":"https:\/\/marianiodontologia.com.br\/site\/equipe\/#breadcrumb","itemListElement":[{"@type":"ListItem","position":1,"name":"Home","item":"https:\/\/marianiodontologia.com.br\/site\/"},{"@type":"ListItem","position":2,"name":"Equipe"}]},{"@type":"WebSite","@id":"https:\/\/marianiodontologia.com.br\/site\/#website","url":"https:\/\/marianiodontologia.com.br\/site\/","name":"Mariani Odontologia","description":"Cl\u00ednica Odontologica","publisher":{"@id":"https:\/\/marianiodontologia.com.br\/site\/#organization"},"potentialAction":[{"@type":"SearchAction","target":{"@type":"EntryPoint","urlTemplate":"https:\/\/marianiodontologia.com.br\/site\/?s={search_term_string}"},"query-input":{"@type":"PropertyValueSpecification","valueRequired":true,"valueName":"search_term_string"}}],"inLanguage":"pt-BR"},{"@type":"Organization","@id":"https:\/\/marianiodontologia.com.br\/site\/#organization","name":"Mariani Odontologia","url":"https:\/\/marianiodontologia.com.br\/site\/","logo":{"@type":"ImageObject","inLanguage":"pt-BR","@id":"https:\/\/marianiodontologia.com.br\/site\/#\/schema\/logo\/image\/","url":"https:\/\/marianiodontologia.com.br\/site\/wp-content\/uploads\/2025\/10\/Novo-logo-mariani-gold-concept--scaled.png","contentUrl":"https:\/\/marianiodontologia.com.br\/site\/wp-content\/uploads\/2025\/10\/Novo-logo-mariani-gold-concept--scaled.png","width":2560,"height":1256,"caption":"Mariani Odontologia"},"image":{"@id":"https:\/\/marianiodontologia.com.br\/site\/#\/schema\/logo\/image\/"},"sameAs":["https:\/\/www.facebook.com\/rafaelerodrigomariani","https:\/\/www.instagram.com\/rafaelerodrigomariani","https:\/\/www.tiktok.com\/@marianiodontologia"]}]}},"_links":{"self":[{"href":"https:\/\/marianiodontologia.com.br\/site\/wp-json\/wp\/v2\/pages\/612","targetHints":{"allow":["GET"]}}],"collection":[{"href":"https:\/\/marianiodontologia.com.br\/site\/wp-json\/wp\/v2\/pages"}],"about":[{"href":"https:\/\/marianiodontologia.com.br\/site\/wp-json\/wp\/v2\/types\/page"}],"author":[{"embeddable":true,"href":"https:\/\/marianiodontologia.com.br\/site\/wp-json\/wp\/v2\/users\/1"}],"replies":[{"embeddable":true,"href":"https:\/\/marianiodontologia.com.br\/site\/wp-json\/wp\/v2\/comments?post=612"}],"version-history":[{"count":12,"href":"https:\/\/marianiodontologia.com.br\/site\/wp-json\/wp\/v2\/pages\/612\/revisions"}],"predecessor-version":[{"id":846,"href":"https:\/\/marianiodontologia.com.br\/site\/wp-json\/wp\/v2\/pages\/612\/revisions\/846"}],"wp:attachment":[{"href":"https:\/\/marianiodontologia.com.br\/site\/wp-json\/wp\/v2\/media?parent=612"}],"curies":[{"name":"wp","href":"https:\/\/api.w.org\/{rel}","templated":true}]}}