{"id":614,"date":"2019-06-25T14:28:05","date_gmt":"2019-06-25T14:28:05","guid":{"rendered":"https:\/\/www.marianiodontologia.com.br\/site\/?page_id=337"},"modified":"2025-04-26T11:43:26","modified_gmt":"2025-04-26T11:43:26","slug":"implante-dentario-rio-preto","status":"publish","type":"page","link":"https:\/\/marianiodontologia.com.br\/site\/implante-dentario-rio-preto\/","title":{"rendered":"Implantes dent\u00e1rios"},"content":{"rendered":"<div style=\"line-height: 30px;\">\n<p>A implantodontia \u00e9 a \u00e1rea da odontologia especializada em <strong>implantes<\/strong> dent\u00e1rios, al\u00e9m da coloca\u00e7\u00e3o de pr\u00f3teses dent\u00e1rias fixas ou m\u00f3veis.<br \/>A Mariani Odontologia se destaca na cidade de <strong>S\u00e3o Jos\u00e9 do Rio Preto<\/strong> como uma das cl\u00ednicas odontol\u00f3gicas mais seguras e confi\u00e1veis para procedimentos que envolvem a coloca\u00e7\u00e3o de<a href=\"https:\/\/www.marianiodontologia.com.br\/site\/implante-dentario-sao-jose-do-rio-preto\/\"> implantes dent\u00e1rios.<\/a><\/p>\n<h2>O que s\u00e3o os <strong>implantes dent\u00e1rios? <\/strong><\/h2>\n<p>Os Implantes dent\u00e1rios s\u00e3o dispositivos feitos em tit\u00e2nio e t\u00eam a finalidade de substituir a raiz do dente e dar suporte a uma pr\u00f3tese, recuperando a apar\u00eancia f\u00edsica e fun\u00e7\u00e3o mastigat\u00f3ria de uma forma harm\u00f4nica e muito pr\u00f3xima da apar\u00eancia natural .<\/p>\n<h2>Como \u00e9 feito um <strong>implante dent\u00e1rio <\/strong> ?<\/h2>\n<p>O implante dent\u00e1rio \u00e9 um elemento conectado \u00e0 regi\u00e3o \u00f3ssea da boca, ele serve como um suporte seguro e fixo para a coloca\u00e7\u00e3o de um dente artificial que \u00e9 montado e parafusado em cima do implante.<\/p>\n<h2>Quanto custa e como \u00e9, a avalia\u00e7\u00e3o para a coloca\u00e7\u00e3o de implantes dent\u00e1rios<\/h2>\n<p>Para realizar o <strong>implante <\/strong> dent\u00e1rio \u00e9 preciso fazer uma avalia\u00e7\u00e3o para verificar qual \u00e9 a estrutura \u00f3ssea do paciente e como \u00e9 o tecido da gengiva, pois estes s\u00e3o pontos importantes que dar\u00e3o sustenta\u00e7\u00e3o ao <strong>implante dent\u00e1rio<\/strong>. \u00c9 por isso que pedimos aos pacientes para agendarem uma avalia\u00e7\u00e3o conosco previamente e assim saber quais s\u00e3o as melhores op\u00e7\u00f5es para o seu caso.<br \/>Hoje em dia os implantes dent\u00e1rios est\u00e3o com valores muito mais acess\u00edveis do que antigamente, e eles s\u00e3o a resposta certa para quem busca trocar suas dentaduras ou pr\u00f3teses dent\u00e1rias m\u00f3veis por fixas, e assim ter muito mais seguran\u00e7a e tranquilidade para coisas simples como comer, sorrir ou conversar com as pessoas.<\/p>\n<p>A <a href=\"https:\/\/www.marianiodontologia.com.br\/site\/\">Mariani Odontologia <\/a>\u00e9 uma Cl\u00ednica Odontol\u00f3gica localizada em S\u00e3o Jos\u00e9 do Rio Preto-SP, somos refer\u00eancia em toda a Regi\u00e3o por nossos recursos avan\u00e7ados, equipes multidisciplinares e tecnologias a servi\u00e7o da sa\u00fade.<\/p>\n<p>Nossa equipe humanizada com experi\u00eancia de 24 anos em odontologia oferece um atendimento humanizado e personalizado para a coloca\u00e7\u00e3o de implantes dent\u00e1rios, acolhendo cada paciente em suas particularidades e necessidades espec\u00edficas.<\/p>\n<p>Se voc\u00ea busca conhecer quais s\u00e3o as melhores solu\u00e7\u00f5es para recuperar seu sorriso de uma forma segura e permanente, n\u00e3o deixe de entrar em contato conosco e agendar sua avalia\u00e7\u00e3o!<\/p>\n<\/div>\n","protected":false},"excerpt":{"rendered":"<p>A implantodontia \u00e9 a \u00e1rea da odontologia especializada em implantes dent\u00e1rios, al\u00e9m da coloca\u00e7\u00e3o de pr\u00f3teses dent\u00e1rias fixas ou m\u00f3veis.A Mariani Odontologia se destaca na cidade de S\u00e3o Jos\u00e9 do Rio Preto como uma das cl\u00ednicas odontol\u00f3gicas mais seguras e confi\u00e1veis para procedimentos que envolvem a coloca\u00e7\u00e3o de implantes dent\u00e1rios. O que s\u00e3o os implantes [&hellip;]<\/p>\n","protected":false},"author":1,"featured_media":0,"parent":0,"menu_order":0,"comment_status":"closed","ping_status":"closed","template":"","meta":{"footnotes":""},"class_list":["post-614","page","type-page","status-publish","hentry"],"yoast_head":"<!-- This site is optimized with the Yoast SEO plugin v25.2 - https:\/\/yoast.com\/wordpress\/plugins\/seo\/ -->\n<title>Implantes Dent\u00e1rios em S\u00e3o Jos\u00e9 do Rio Preto<\/title>\n<meta name=\"description\" content=\"Implantes dent\u00e1rios, Coroas e Protocolo sobre implante em S\u00e3o Jos\u00e9 do Rio Preto.\" \/>\n<meta name=\"robots\" content=\"noindex, follow, max-snippet:-1, max-image-preview:large, max-video-preview:-1\" \/>\n<meta property=\"og:locale\" content=\"pt_BR\" \/>\n<meta property=\"og:type\" content=\"article\" \/>\n<meta property=\"og:title\" content=\"Implantes Dent\u00e1rios em S\u00e3o Jos\u00e9 do Rio Preto\" \/>\n<meta property=\"og:description\" content=\"Implantes dent\u00e1rios, Coroas e Protocolo sobre implante em S\u00e3o Jos\u00e9 do Rio Preto.\" \/>\n<meta property=\"og:url\" content=\"https:\/\/marianiodontologia.com.br\/site\/implante-dentario-rio-preto\/\" \/>\n<meta property=\"og:site_name\" content=\"Mariani Odontologia\" \/>\n<meta property=\"article:publisher\" content=\"https:\/\/www.facebook.com\/rafaelerodrigomariani\" \/>\n<meta property=\"article:modified_time\" content=\"2025-04-26T11:43:26+00:00\" \/>\n<meta name=\"twitter:card\" content=\"summary_large_image\" \/>\n<meta name=\"twitter:label1\" content=\"Est. tempo de leitura\" \/>\n\t<meta name=\"twitter:data1\" content=\"2 minutos\" \/>\n<script type=\"application\/ld+json\" class=\"yoast-schema-graph\">{\"@context\":\"https:\/\/schema.org\",\"@graph\":[{\"@type\":\"WebPage\",\"@id\":\"https:\/\/marianiodontologia.com.br\/site\/implante-dentario-rio-preto\/\",\"url\":\"https:\/\/marianiodontologia.com.br\/site\/implante-dentario-rio-preto\/\",\"name\":\"Implantes Dent\u00e1rios em S\u00e3o Jos\u00e9 do Rio Preto\",\"isPartOf\":{\"@id\":\"https:\/\/marianiodontologia.com.br\/site\/#website\"},\"datePublished\":\"2019-06-25T14:28:05+00:00\",\"dateModified\":\"2025-04-26T11:43:26+00:00\",\"description\":\"Implantes dent\u00e1rios, Coroas e Protocolo sobre implante em S\u00e3o Jos\u00e9 do Rio Preto.\",\"breadcrumb\":{\"@id\":\"https:\/\/marianiodontologia.com.br\/site\/implante-dentario-rio-preto\/#breadcrumb\"},\"inLanguage\":\"pt-BR\",\"potentialAction\":[{\"@type\":\"ReadAction\",\"target\":[\"https:\/\/marianiodontologia.com.br\/site\/implante-dentario-rio-preto\/\"]}]},{\"@type\":\"BreadcrumbList\",\"@id\":\"https:\/\/marianiodontologia.com.br\/site\/implante-dentario-rio-preto\/#breadcrumb\",\"itemListElement\":[{\"@type\":\"ListItem\",\"position\":1,\"name\":\"Home\",\"item\":\"https:\/\/marianiodontologia.com.br\/site\/\"},{\"@type\":\"ListItem\",\"position\":2,\"name\":\"Implantes dent\u00e1rios\"}]},{\"@type\":\"WebSite\",\"@id\":\"https:\/\/marianiodontologia.com.br\/site\/#website\",\"url\":\"https:\/\/marianiodontologia.com.br\/site\/\",\"name\":\"Mariani Odontologia\",\"description\":\"Cl\u00ednica Odontologica\",\"publisher\":{\"@id\":\"https:\/\/marianiodontologia.com.br\/site\/#organization\"},\"potentialAction\":[{\"@type\":\"SearchAction\",\"target\":{\"@type\":\"EntryPoint\",\"urlTemplate\":\"https:\/\/marianiodontologia.com.br\/site\/?s={search_term_string}\"},\"query-input\":{\"@type\":\"PropertyValueSpecification\",\"valueRequired\":true,\"valueName\":\"search_term_string\"}}],\"inLanguage\":\"pt-BR\"},{\"@type\":\"Organization\",\"@id\":\"https:\/\/marianiodontologia.com.br\/site\/#organization\",\"name\":\"Mariani Odontologia\",\"url\":\"https:\/\/marianiodontologia.com.br\/site\/\",\"logo\":{\"@type\":\"ImageObject\",\"inLanguage\":\"pt-BR\",\"@id\":\"https:\/\/marianiodontologia.com.br\/site\/#\/schema\/logo\/image\/\",\"url\":\"https:\/\/marianiodontologia.com.br\/site\/wp-content\/uploads\/2025\/10\/Novo-logo-mariani-gold-concept--scaled.png\",\"contentUrl\":\"https:\/\/marianiodontologia.com.br\/site\/wp-content\/uploads\/2025\/10\/Novo-logo-mariani-gold-concept--scaled.png\",\"width\":2560,\"height\":1256,\"caption\":\"Mariani Odontologia\"},\"image\":{\"@id\":\"https:\/\/marianiodontologia.com.br\/site\/#\/schema\/logo\/image\/\"},\"sameAs\":[\"https:\/\/www.facebook.com\/rafaelerodrigomariani\",\"https:\/\/www.instagram.com\/rafaelerodrigomariani\",\"https:\/\/www.tiktok.com\/@marianiodontologia\"]}]}<\/script>\n<!-- \/ Yoast SEO plugin. -->","yoast_head_json":{"title":"Implantes Dent\u00e1rios em S\u00e3o Jos\u00e9 do Rio Preto","description":"Implantes dent\u00e1rios, Coroas e Protocolo sobre implante em S\u00e3o Jos\u00e9 do Rio Preto.","robots":{"index":"noindex","follow":"follow","max-snippet":"max-snippet:-1","max-image-preview":"max-image-preview:large","max-video-preview":"max-video-preview:-1"},"og_locale":"pt_BR","og_type":"article","og_title":"Implantes Dent\u00e1rios em S\u00e3o Jos\u00e9 do Rio Preto","og_description":"Implantes dent\u00e1rios, Coroas e Protocolo sobre implante em S\u00e3o Jos\u00e9 do Rio Preto.","og_url":"https:\/\/marianiodontologia.com.br\/site\/implante-dentario-rio-preto\/","og_site_name":"Mariani Odontologia","article_publisher":"https:\/\/www.facebook.com\/rafaelerodrigomariani","article_modified_time":"2025-04-26T11:43:26+00:00","twitter_card":"summary_large_image","twitter_misc":{"Est. tempo de leitura":"2 minutos"},"schema":{"@context":"https:\/\/schema.org","@graph":[{"@type":"WebPage","@id":"https:\/\/marianiodontologia.com.br\/site\/implante-dentario-rio-preto\/","url":"https:\/\/marianiodontologia.com.br\/site\/implante-dentario-rio-preto\/","name":"Implantes Dent\u00e1rios em S\u00e3o Jos\u00e9 do Rio Preto","isPartOf":{"@id":"https:\/\/marianiodontologia.com.br\/site\/#website"},"datePublished":"2019-06-25T14:28:05+00:00","dateModified":"2025-04-26T11:43:26+00:00","description":"Implantes dent\u00e1rios, Coroas e Protocolo sobre implante em S\u00e3o Jos\u00e9 do Rio Preto.","breadcrumb":{"@id":"https:\/\/marianiodontologia.com.br\/site\/implante-dentario-rio-preto\/#breadcrumb"},"inLanguage":"pt-BR","potentialAction":[{"@type":"ReadAction","target":["https:\/\/marianiodontologia.com.br\/site\/implante-dentario-rio-preto\/"]}]},{"@type":"BreadcrumbList","@id":"https:\/\/marianiodontologia.com.br\/site\/implante-dentario-rio-preto\/#breadcrumb","itemListElement":[{"@type":"ListItem","position":1,"name":"Home","item":"https:\/\/marianiodontologia.com.br\/site\/"},{"@type":"ListItem","position":2,"name":"Implantes dent\u00e1rios"}]},{"@type":"WebSite","@id":"https:\/\/marianiodontologia.com.br\/site\/#website","url":"https:\/\/marianiodontologia.com.br\/site\/","name":"Mariani Odontologia","description":"Cl\u00ednica Odontologica","publisher":{"@id":"https:\/\/marianiodontologia.com.br\/site\/#organization"},"potentialAction":[{"@type":"SearchAction","target":{"@type":"EntryPoint","urlTemplate":"https:\/\/marianiodontologia.com.br\/site\/?s={search_term_string}"},"query-input":{"@type":"PropertyValueSpecification","valueRequired":true,"valueName":"search_term_string"}}],"inLanguage":"pt-BR"},{"@type":"Organization","@id":"https:\/\/marianiodontologia.com.br\/site\/#organization","name":"Mariani Odontologia","url":"https:\/\/marianiodontologia.com.br\/site\/","logo":{"@type":"ImageObject","inLanguage":"pt-BR","@id":"https:\/\/marianiodontologia.com.br\/site\/#\/schema\/logo\/image\/","url":"https:\/\/marianiodontologia.com.br\/site\/wp-content\/uploads\/2025\/10\/Novo-logo-mariani-gold-concept--scaled.png","contentUrl":"https:\/\/marianiodontologia.com.br\/site\/wp-content\/uploads\/2025\/10\/Novo-logo-mariani-gold-concept--scaled.png","width":2560,"height":1256,"caption":"Mariani Odontologia"},"image":{"@id":"https:\/\/marianiodontologia.com.br\/site\/#\/schema\/logo\/image\/"},"sameAs":["https:\/\/www.facebook.com\/rafaelerodrigomariani","https:\/\/www.instagram.com\/rafaelerodrigomariani","https:\/\/www.tiktok.com\/@marianiodontologia"]}]}},"_links":{"self":[{"href":"https:\/\/marianiodontologia.com.br\/site\/wp-json\/wp\/v2\/pages\/614","targetHints":{"allow":["GET"]}}],"collection":[{"href":"https:\/\/marianiodontologia.com.br\/site\/wp-json\/wp\/v2\/pages"}],"about":[{"href":"https:\/\/marianiodontologia.com.br\/site\/wp-json\/wp\/v2\/types\/page"}],"author":[{"embeddable":true,"href":"https:\/\/marianiodontologia.com.br\/site\/wp-json\/wp\/v2\/users\/1"}],"replies":[{"embeddable":true,"href":"https:\/\/marianiodontologia.com.br\/site\/wp-json\/wp\/v2\/comments?post=614"}],"version-history":[{"count":1,"href":"https:\/\/marianiodontologia.com.br\/site\/wp-json\/wp\/v2\/pages\/614\/revisions"}],"predecessor-version":[{"id":684,"href":"https:\/\/marianiodontologia.com.br\/site\/wp-json\/wp\/v2\/pages\/614\/revisions\/684"}],"wp:attachment":[{"href":"https:\/\/marianiodontologia.com.br\/site\/wp-json\/wp\/v2\/media?parent=614"}],"curies":[{"name":"wp","href":"https:\/\/api.w.org\/{rel}","templated":true}]}}