{"id":617,"date":"2021-04-27T02:48:52","date_gmt":"2021-04-27T02:48:52","guid":{"rendered":"https:\/\/www.marianiodontologia.com.br\/site\/?page_id=398"},"modified":"2025-05-29T18:46:49","modified_gmt":"2025-05-29T18:46:49","slug":"implante-dentario-sao-jose-do-rio-preto","status":"publish","type":"page","link":"https:\/\/marianiodontologia.com.br\/site\/implante-dentario-sao-jose-do-rio-preto\/","title":{"rendered":"Implantes dent\u00e1rios Rio Preto"},"content":{"rendered":"\t\t<div data-elementor-type=\"wp-page\" data-elementor-id=\"617\" class=\"elementor elementor-617\" data-elementor-post-type=\"page\">\n\t\t\t\t<div class=\"elementor-element elementor-element-a20a619 e-flex e-con-boxed e-con e-parent\" data-id=\"a20a619\" data-element_type=\"container\">\n\t\t\t\t\t<div class=\"e-con-inner\">\n\t\t\t\t<div class=\"elementor-element elementor-element-1475d53 elementor-widget elementor-widget-heading\" data-id=\"1475d53\" data-element_type=\"widget\" data-widget_type=\"heading.default\">\n\t\t\t\t<div class=\"elementor-widget-container\">\n\t\t\t\t\t<h2 class=\"elementor-heading-title elementor-size-default\">SUA AUTOESTIMA E SEU SORRISO DE VOLTA!\n<\/h2>\t\t\t\t<\/div>\n\t\t\t\t<\/div>\n\t\t\t\t\t<\/div>\n\t\t\t\t<\/div>\n\t\t<div class=\"elementor-element elementor-element-34b47cd e-flex e-con-boxed e-con e-parent\" data-id=\"34b47cd\" data-element_type=\"container\">\n\t\t\t\t\t<div class=\"e-con-inner\">\n\t\t\t\t<div class=\"elementor-element elementor-element-10c8e04 elementor-widget elementor-widget-heading\" data-id=\"10c8e04\" data-element_type=\"widget\" data-widget_type=\"heading.default\">\n\t\t\t\t<div class=\"elementor-widget-container\">\n\t\t\t\t\t<h2 class=\"elementor-heading-title elementor-size-default\">Saiba como o implante dent\u00e1rio pode transformar o seu sorriso e te devolver a qualidade de vida e a autoestima que voc\u00ea merece!<\/h2>\t\t\t\t<\/div>\n\t\t\t\t<\/div>\n\t\t\t\t\t<\/div>\n\t\t\t\t<\/div>\n\t\t<div class=\"elementor-element elementor-element-adfd991 e-flex e-con-boxed e-con e-parent\" data-id=\"adfd991\" data-element_type=\"container\">\n\t\t\t\t\t<div class=\"e-con-inner\">\n\t\t\t\t<div class=\"elementor-element elementor-element-fbcc69b elementor-widget elementor-widget-image\" data-id=\"fbcc69b\" data-element_type=\"widget\" data-widget_type=\"image.default\">\n\t\t\t\t<div class=\"elementor-widget-container\">\n\t\t\t\t\t\t\t\t\t\t\t\t\t\t\t<img fetchpriority=\"high\" decoding=\"async\" width=\"800\" height=\"357\" src=\"https:\/\/marianiodontologia.com.br\/site\/wp-content\/uploads\/2025\/05\/implante-1024x457-1.jpg\" class=\"attachment-large size-large wp-image-717\" alt=\"\" srcset=\"https:\/\/marianiodontologia.com.br\/site\/wp-content\/uploads\/2025\/05\/implante-1024x457-1.jpg 1024w, https:\/\/marianiodontologia.com.br\/site\/wp-content\/uploads\/2025\/05\/implante-1024x457-1-300x134.jpg 300w, https:\/\/marianiodontologia.com.br\/site\/wp-content\/uploads\/2025\/05\/implante-1024x457-1-768x343.jpg 768w\" sizes=\"(max-width: 800px) 100vw, 800px\" \/>\t\t\t\t\t\t\t\t\t\t\t\t\t\t\t<\/div>\n\t\t\t\t<\/div>\n\t\t\t\t<div class=\"elementor-element elementor-element-a5c9f36 elementor-widget elementor-widget-text-editor\" data-id=\"a5c9f36\" data-element_type=\"widget\" data-widget_type=\"text-editor.default\">\n\t\t\t\t<div class=\"elementor-widget-container\">\n\t\t\t\t\t\t\t\t\t<p>S\u00f3 quem j\u00e1 perdeu um ou v\u00e1rios dentes sabe como \u00e9 penosa essa situa\u00e7\u00e3o &#8211; n\u00e3o poder comer o que quiser com liberdade, sentir vergonha ao sorrir ou ao conversar com outras pessoas e ter a autoestima comprometida. \u00c9 por esta raz\u00e3o que muitos pacientes buscam os implantes dent\u00e1rios como a solu\u00e7\u00e3o definitiva.<\/p><p>Mesmo com o uso da dentadura ou pontes, o paciente n\u00e3o se sente confort\u00e1vel e livre como poderia, pois a dentadura, por exemplo, cobre o c\u00e9u da boca e atrapalha o paladar, al\u00e9m de ser desconfort\u00e1vel e n\u00e3o ser fixa na boca, dando ao paciente a miss\u00e3o de \u201csegur\u00e1-la\u201d com os l\u00e1bios para que ela n\u00e3o escape ou caia no ch\u00e3o.<\/p><p>A todos que buscam mais qualidade de vida e liberdade para sorrir sem medo, nossa orienta\u00e7\u00e3o \u00e9 o implante dent\u00e1rio para repor um ou mais dentes naturais que foram perdidos.<\/p><p>Os implantes dent\u00e1rios s\u00e3o indicados para pacientes com perda unit\u00e1ria, parcial ou de todos os dentes.<\/p>\t\t\t\t\t\t\t\t<\/div>\n\t\t\t\t<\/div>\n\t\t\t\t<div class=\"elementor-element elementor-element-c18bfca elementor-widget elementor-widget-text-editor\" data-id=\"c18bfca\" data-element_type=\"widget\" data-widget_type=\"text-editor.default\">\n\t\t\t\t<div class=\"elementor-widget-container\">\n\t\t\t\t\t\t\t\t\t<div class=\"mcb-wrap-inner\"><div class=\"column mcb-column three-fifth column_visual mg_btn_\"><p>O maior benef\u00edcio do<a href=\"https:\/\/www.marianiodontologia.com.br\/site\/implante-dentario-rio-preto\/\"><strong> implante dent\u00e1rio<\/strong> <\/a>\u00e9 que ele n\u00e3o escorrega e nem altera o posicionamento bucal, sendo uma grande vantagem ao longo da mastiga\u00e7\u00e3o e fala.<\/p><p>Com o <a href=\"https:\/\/www.marianiodontologia.com.br\/site\/implante-dentario-rio-preto\/\"><strong>implante dent\u00e1rio<\/strong><\/a> \u00e9 poss\u00edvel recuperar as fun\u00e7\u00f5es mastigat\u00f3ria e est\u00e9tica, al\u00e9m de recuperar a autoestima do paciente. Portanto, \u00e9 fundamental escolher uma Cl\u00ednica Odontol\u00f3gica de confian\u00e7a, que ofere\u00e7a seguran\u00e7a, resultados duradouros e garantia de qualidade.<\/p><p>Muitos podem ser os motivos que levam uma pessoa a perder um ou v\u00e1rios dentes &#8211; traumas, doen\u00e7as na gengiva e c\u00e1ries, por exemplo. O implante dent\u00e1rio se mostra a melhor solu\u00e7\u00e3o para esses casos, repondo os dentes perdidos, mantendo uma apar\u00eancia natural e recuperando todas as fun\u00e7\u00f5es mastigat\u00f3rias de uma arcada dent\u00e1ria saud\u00e1vel e completa.<\/p><p>Todos que buscam recuperar seu sorriso, sua autoestima e qualidade de vida podem recorrer \u00e0 Cl\u00ednica Mariani Odontologia, em S<strong>\u00e3o Jos\u00e9 do Rio Preto<\/strong>, para a coloca\u00e7\u00e3o de pr\u00f3teses ou<a href=\"https:\/\/www.marianiodontologia.com.br\/site\/implante-dentario-rio-preto\/\"> <strong>implantes<\/strong> <strong>dent\u00e1rios<\/strong><\/a> que em muito se assemelham aos <strong>dentes<\/strong> naturais. Implantes dent\u00e1rios s\u00e3o uma forma segura e definitiva de substituir os dentes que foram perdidos, recuperando fun\u00e7\u00e3o e est\u00e9tica de uma s\u00f3 vez e de forma permanente.<\/p><p>Aqui em nossa cl\u00ednica voc\u00ea conta com equipamentos de ponta e uma equipe de dentistas especializados em implantodontia e nas demais \u00e1reas da odontologia, todos prontos para devolver a voc\u00ea seu sorriso confiante e seguro atrav\u00e9s de implantes dent\u00e1rios, pr\u00f3teses fixas ou m\u00f3veis, tudo de acordo com as suas condi\u00e7\u00f5es e necessidades.<\/p><p>Voc\u00ea merece recuperar sua autoestima e confian\u00e7a e voltar a sorrir sem medo. Agende agora mesmo uma avalia\u00e7\u00e3o com a Mariani Odontologia e saiba mais sobre como os implantes dent\u00e1rios podem te devolver toda a alegria de viver!<\/p><\/div><\/div>\t\t\t\t\t\t\t\t<\/div>\n\t\t\t\t<\/div>\n\t\t\t\t\t<\/div>\n\t\t\t\t<\/div>\n\t\t\t\t<\/div>\n\t\t","protected":false},"excerpt":{"rendered":"<p>SUA AUTOESTIMA E SEU SORRISO DE VOLTA! Saiba como o implante dent\u00e1rio pode transformar o seu sorriso e te devolver a qualidade de vida e a autoestima que voc\u00ea merece! S\u00f3 quem j\u00e1 perdeu um ou v\u00e1rios dentes sabe como \u00e9 penosa essa situa\u00e7\u00e3o &#8211; n\u00e3o poder comer o que quiser com liberdade, sentir vergonha [&hellip;]<\/p>\n","protected":false},"author":1,"featured_media":0,"parent":0,"menu_order":0,"comment_status":"closed","ping_status":"closed","template":"","meta":{"footnotes":""},"class_list":["post-617","page","type-page","status-publish","hentry"],"yoast_head":"<!-- This site is optimized with the Yoast SEO plugin v25.2 - https:\/\/yoast.com\/wordpress\/plugins\/seo\/ -->\n<title>Implantes dent\u00e1rios em S\u00e3o Jos\u00e9 do Rio Preto com os melhores profissionais<\/title>\n<meta name=\"description\" content=\"Implantes dent\u00e1rios, pr\u00f3teses, dentaduras , protocolo, S\u00e3o Jos\u00e9 do Rio Preto.\" \/>\n<meta name=\"robots\" content=\"noindex, follow, max-snippet:-1, max-image-preview:large, max-video-preview:-1\" \/>\n<meta property=\"og:locale\" content=\"pt_BR\" \/>\n<meta property=\"og:type\" content=\"article\" \/>\n<meta property=\"og:title\" content=\"Implantes dent\u00e1rios em S\u00e3o Jos\u00e9 do Rio Preto com os melhores profissionais\" \/>\n<meta property=\"og:description\" content=\"Implantes dent\u00e1rios, pr\u00f3teses, dentaduras , protocolo, S\u00e3o Jos\u00e9 do Rio Preto.\" \/>\n<meta property=\"og:url\" content=\"https:\/\/marianiodontologia.com.br\/site\/implante-dentario-sao-jose-do-rio-preto\/\" \/>\n<meta property=\"og:site_name\" content=\"Mariani Odontologia\" \/>\n<meta property=\"article:publisher\" content=\"https:\/\/www.facebook.com\/rafaelerodrigomariani\" \/>\n<meta property=\"article:modified_time\" content=\"2025-05-29T18:46:49+00:00\" \/>\n<meta property=\"og:image\" content=\"https:\/\/marianiodontologia.com.br\/site\/wp-content\/uploads\/2025\/05\/implante-1024x457-1.jpg\" \/>\n<meta name=\"twitter:card\" content=\"summary_large_image\" \/>\n<meta name=\"twitter:label1\" content=\"Est. tempo de leitura\" \/>\n\t<meta name=\"twitter:data1\" content=\"3 minutos\" \/>\n<script type=\"application\/ld+json\" class=\"yoast-schema-graph\">{\"@context\":\"https:\/\/schema.org\",\"@graph\":[{\"@type\":\"WebPage\",\"@id\":\"https:\/\/marianiodontologia.com.br\/site\/implante-dentario-sao-jose-do-rio-preto\/\",\"url\":\"https:\/\/marianiodontologia.com.br\/site\/implante-dentario-sao-jose-do-rio-preto\/\",\"name\":\"Implantes dent\u00e1rios em S\u00e3o Jos\u00e9 do Rio Preto com os melhores profissionais\",\"isPartOf\":{\"@id\":\"https:\/\/marianiodontologia.com.br\/site\/#website\"},\"primaryImageOfPage\":{\"@id\":\"https:\/\/marianiodontologia.com.br\/site\/implante-dentario-sao-jose-do-rio-preto\/#primaryimage\"},\"image\":{\"@id\":\"https:\/\/marianiodontologia.com.br\/site\/implante-dentario-sao-jose-do-rio-preto\/#primaryimage\"},\"thumbnailUrl\":\"https:\/\/marianiodontologia.com.br\/site\/wp-content\/uploads\/2025\/05\/implante-1024x457-1.jpg\",\"datePublished\":\"2021-04-27T02:48:52+00:00\",\"dateModified\":\"2025-05-29T18:46:49+00:00\",\"description\":\"Implantes dent\u00e1rios, pr\u00f3teses, dentaduras , protocolo, S\u00e3o Jos\u00e9 do Rio Preto.\",\"breadcrumb\":{\"@id\":\"https:\/\/marianiodontologia.com.br\/site\/implante-dentario-sao-jose-do-rio-preto\/#breadcrumb\"},\"inLanguage\":\"pt-BR\",\"potentialAction\":[{\"@type\":\"ReadAction\",\"target\":[\"https:\/\/marianiodontologia.com.br\/site\/implante-dentario-sao-jose-do-rio-preto\/\"]}]},{\"@type\":\"ImageObject\",\"inLanguage\":\"pt-BR\",\"@id\":\"https:\/\/marianiodontologia.com.br\/site\/implante-dentario-sao-jose-do-rio-preto\/#primaryimage\",\"url\":\"https:\/\/marianiodontologia.com.br\/site\/wp-content\/uploads\/2025\/05\/implante-1024x457-1.jpg\",\"contentUrl\":\"https:\/\/marianiodontologia.com.br\/site\/wp-content\/uploads\/2025\/05\/implante-1024x457-1.jpg\",\"width\":1024,\"height\":457},{\"@type\":\"BreadcrumbList\",\"@id\":\"https:\/\/marianiodontologia.com.br\/site\/implante-dentario-sao-jose-do-rio-preto\/#breadcrumb\",\"itemListElement\":[{\"@type\":\"ListItem\",\"position\":1,\"name\":\"Home\",\"item\":\"https:\/\/marianiodontologia.com.br\/site\/\"},{\"@type\":\"ListItem\",\"position\":2,\"name\":\"Implantes dent\u00e1rios Rio Preto\"}]},{\"@type\":\"WebSite\",\"@id\":\"https:\/\/marianiodontologia.com.br\/site\/#website\",\"url\":\"https:\/\/marianiodontologia.com.br\/site\/\",\"name\":\"Mariani Odontologia\",\"description\":\"Cl\u00ednica Odontologica\",\"publisher\":{\"@id\":\"https:\/\/marianiodontologia.com.br\/site\/#organization\"},\"potentialAction\":[{\"@type\":\"SearchAction\",\"target\":{\"@type\":\"EntryPoint\",\"urlTemplate\":\"https:\/\/marianiodontologia.com.br\/site\/?s={search_term_string}\"},\"query-input\":{\"@type\":\"PropertyValueSpecification\",\"valueRequired\":true,\"valueName\":\"search_term_string\"}}],\"inLanguage\":\"pt-BR\"},{\"@type\":\"Organization\",\"@id\":\"https:\/\/marianiodontologia.com.br\/site\/#organization\",\"name\":\"Mariani Odontologia\",\"url\":\"https:\/\/marianiodontologia.com.br\/site\/\",\"logo\":{\"@type\":\"ImageObject\",\"inLanguage\":\"pt-BR\",\"@id\":\"https:\/\/marianiodontologia.com.br\/site\/#\/schema\/logo\/image\/\",\"url\":\"https:\/\/marianiodontologia.com.br\/site\/wp-content\/uploads\/2025\/10\/Novo-logo-mariani-gold-concept--scaled.png\",\"contentUrl\":\"https:\/\/marianiodontologia.com.br\/site\/wp-content\/uploads\/2025\/10\/Novo-logo-mariani-gold-concept--scaled.png\",\"width\":2560,\"height\":1256,\"caption\":\"Mariani Odontologia\"},\"image\":{\"@id\":\"https:\/\/marianiodontologia.com.br\/site\/#\/schema\/logo\/image\/\"},\"sameAs\":[\"https:\/\/www.facebook.com\/rafaelerodrigomariani\",\"https:\/\/www.instagram.com\/rafaelerodrigomariani\",\"https:\/\/www.tiktok.com\/@marianiodontologia\"]}]}<\/script>\n<!-- \/ Yoast SEO plugin. -->","yoast_head_json":{"title":"Implantes dent\u00e1rios em S\u00e3o Jos\u00e9 do Rio Preto com os melhores profissionais","description":"Implantes dent\u00e1rios, pr\u00f3teses, dentaduras , protocolo, S\u00e3o Jos\u00e9 do Rio Preto.","robots":{"index":"noindex","follow":"follow","max-snippet":"max-snippet:-1","max-image-preview":"max-image-preview:large","max-video-preview":"max-video-preview:-1"},"og_locale":"pt_BR","og_type":"article","og_title":"Implantes dent\u00e1rios em S\u00e3o Jos\u00e9 do Rio Preto com os melhores profissionais","og_description":"Implantes dent\u00e1rios, pr\u00f3teses, dentaduras , protocolo, S\u00e3o Jos\u00e9 do Rio Preto.","og_url":"https:\/\/marianiodontologia.com.br\/site\/implante-dentario-sao-jose-do-rio-preto\/","og_site_name":"Mariani Odontologia","article_publisher":"https:\/\/www.facebook.com\/rafaelerodrigomariani","article_modified_time":"2025-05-29T18:46:49+00:00","og_image":[{"url":"https:\/\/marianiodontologia.com.br\/site\/wp-content\/uploads\/2025\/05\/implante-1024x457-1.jpg","type":"","width":"","height":""}],"twitter_card":"summary_large_image","twitter_misc":{"Est. tempo de leitura":"3 minutos"},"schema":{"@context":"https:\/\/schema.org","@graph":[{"@type":"WebPage","@id":"https:\/\/marianiodontologia.com.br\/site\/implante-dentario-sao-jose-do-rio-preto\/","url":"https:\/\/marianiodontologia.com.br\/site\/implante-dentario-sao-jose-do-rio-preto\/","name":"Implantes dent\u00e1rios em S\u00e3o Jos\u00e9 do Rio Preto com os melhores profissionais","isPartOf":{"@id":"https:\/\/marianiodontologia.com.br\/site\/#website"},"primaryImageOfPage":{"@id":"https:\/\/marianiodontologia.com.br\/site\/implante-dentario-sao-jose-do-rio-preto\/#primaryimage"},"image":{"@id":"https:\/\/marianiodontologia.com.br\/site\/implante-dentario-sao-jose-do-rio-preto\/#primaryimage"},"thumbnailUrl":"https:\/\/marianiodontologia.com.br\/site\/wp-content\/uploads\/2025\/05\/implante-1024x457-1.jpg","datePublished":"2021-04-27T02:48:52+00:00","dateModified":"2025-05-29T18:46:49+00:00","description":"Implantes dent\u00e1rios, pr\u00f3teses, dentaduras , protocolo, S\u00e3o Jos\u00e9 do Rio Preto.","breadcrumb":{"@id":"https:\/\/marianiodontologia.com.br\/site\/implante-dentario-sao-jose-do-rio-preto\/#breadcrumb"},"inLanguage":"pt-BR","potentialAction":[{"@type":"ReadAction","target":["https:\/\/marianiodontologia.com.br\/site\/implante-dentario-sao-jose-do-rio-preto\/"]}]},{"@type":"ImageObject","inLanguage":"pt-BR","@id":"https:\/\/marianiodontologia.com.br\/site\/implante-dentario-sao-jose-do-rio-preto\/#primaryimage","url":"https:\/\/marianiodontologia.com.br\/site\/wp-content\/uploads\/2025\/05\/implante-1024x457-1.jpg","contentUrl":"https:\/\/marianiodontologia.com.br\/site\/wp-content\/uploads\/2025\/05\/implante-1024x457-1.jpg","width":1024,"height":457},{"@type":"BreadcrumbList","@id":"https:\/\/marianiodontologia.com.br\/site\/implante-dentario-sao-jose-do-rio-preto\/#breadcrumb","itemListElement":[{"@type":"ListItem","position":1,"name":"Home","item":"https:\/\/marianiodontologia.com.br\/site\/"},{"@type":"ListItem","position":2,"name":"Implantes dent\u00e1rios Rio Preto"}]},{"@type":"WebSite","@id":"https:\/\/marianiodontologia.com.br\/site\/#website","url":"https:\/\/marianiodontologia.com.br\/site\/","name":"Mariani Odontologia","description":"Cl\u00ednica Odontologica","publisher":{"@id":"https:\/\/marianiodontologia.com.br\/site\/#organization"},"potentialAction":[{"@type":"SearchAction","target":{"@type":"EntryPoint","urlTemplate":"https:\/\/marianiodontologia.com.br\/site\/?s={search_term_string}"},"query-input":{"@type":"PropertyValueSpecification","valueRequired":true,"valueName":"search_term_string"}}],"inLanguage":"pt-BR"},{"@type":"Organization","@id":"https:\/\/marianiodontologia.com.br\/site\/#organization","name":"Mariani Odontologia","url":"https:\/\/marianiodontologia.com.br\/site\/","logo":{"@type":"ImageObject","inLanguage":"pt-BR","@id":"https:\/\/marianiodontologia.com.br\/site\/#\/schema\/logo\/image\/","url":"https:\/\/marianiodontologia.com.br\/site\/wp-content\/uploads\/2025\/10\/Novo-logo-mariani-gold-concept--scaled.png","contentUrl":"https:\/\/marianiodontologia.com.br\/site\/wp-content\/uploads\/2025\/10\/Novo-logo-mariani-gold-concept--scaled.png","width":2560,"height":1256,"caption":"Mariani Odontologia"},"image":{"@id":"https:\/\/marianiodontologia.com.br\/site\/#\/schema\/logo\/image\/"},"sameAs":["https:\/\/www.facebook.com\/rafaelerodrigomariani","https:\/\/www.instagram.com\/rafaelerodrigomariani","https:\/\/www.tiktok.com\/@marianiodontologia"]}]}},"_links":{"self":[{"href":"https:\/\/marianiodontologia.com.br\/site\/wp-json\/wp\/v2\/pages\/617","targetHints":{"allow":["GET"]}}],"collection":[{"href":"https:\/\/marianiodontologia.com.br\/site\/wp-json\/wp\/v2\/pages"}],"about":[{"href":"https:\/\/marianiodontologia.com.br\/site\/wp-json\/wp\/v2\/types\/page"}],"author":[{"embeddable":true,"href":"https:\/\/marianiodontologia.com.br\/site\/wp-json\/wp\/v2\/users\/1"}],"replies":[{"embeddable":true,"href":"https:\/\/marianiodontologia.com.br\/site\/wp-json\/wp\/v2\/comments?post=617"}],"version-history":[{"count":12,"href":"https:\/\/marianiodontologia.com.br\/site\/wp-json\/wp\/v2\/pages\/617\/revisions"}],"predecessor-version":[{"id":720,"href":"https:\/\/marianiodontologia.com.br\/site\/wp-json\/wp\/v2\/pages\/617\/revisions\/720"}],"wp:attachment":[{"href":"https:\/\/marianiodontologia.com.br\/site\/wp-json\/wp\/v2\/media?parent=617"}],"curies":[{"name":"wp","href":"https:\/\/api.w.org\/{rel}","templated":true}]}}